{"id":10109,"date":"2022-08-10T09:43:55","date_gmt":"2022-08-10T14:43:55","guid":{"rendered":"https:\/\/basicas.utp.edu.co\/matematicas\/?page_id=10030"},"modified":"2026-04-07T09:10:23","modified_gmt":"2026-04-07T14:10:23","slug":"inversion-y-financiacion","status":"publish","type":"page","link":"https:\/\/educacion.utp.edu.co\/doctorado-en-ciencias-de-la-educacion\/inversion-y-financiacion\/","title":{"rendered":"Inversi\u00f3n y Financiaci\u00f3n"},"content":{"rendered":"\n<figure class=\"wp-block-image size-full\"><img loading=\"lazy\" decoding=\"async\" width=\"2000\" height=\"300\" src=\"https:\/\/media2.utp.edu.co\/programas\/53\/Presentacion-del-programa-2.png\" alt=\"\" class=\"wp-image-10482\" \/><\/figure>\n\n\n\n<p><span class=\"post-content__span\"> Valor del Pin: <strong>0.25 SMMLV <\/strong> <\/p>\n\n\n\n<p><span class=\"post-content__span\"> Valor Matr\u00edcula a\u00f1o:  <strong>A\u00f1o 1: 18 SMMLV <\/strong>&#8211; <strong>A\u00f1o 2: 18 SMMLV<\/strong> &#8211; <strong>A\u00f1o 3: 10 SMMLV <\/strong><\/p>\n\n\n\n<p><span class=\"post-content__span\"> Descuentos del Programa: <strong>10%<\/strong> por ser Egresado de la Universidad Tecnol\u00f3gica de Pereira y <strong>10%<\/strong> Por tener el certificado de las \u00faltimas votaciones.<\/p>\n\n\n\n<figure class=\"wp-block-image size-full\"><img loading=\"lazy\" decoding=\"async\" width=\"3375\" height=\"3375\" src=\"https:\/\/media2.utp.edu.co\/programas\/53\/Descuentos.png\" alt=\"\" class=\"wp-image-10355\" \/><\/figure>\n\n\n\n<figure class=\"wp-block-image size-full\"><img loading=\"lazy\" decoding=\"async\" width=\"1080\" height=\"1080\" src=\"https:\/\/media2.utp.edu.co\/programas\/53\/Financiacion-1.png\" alt=\"\" class=\"wp-image-10480\" \/><\/figure>\n\n\n\n<figure class=\"wp-block-image size-full\"><img loading=\"lazy\" decoding=\"async\" width=\"1688\" height=\"1688\" src=\"https:\/\/media2.utp.edu.co\/programas\/53\/Credito-Fasut_page-0004.jpg\" alt=\"\" class=\"wp-image-10476\" \/><\/figure>\n\n\n\n<figure class=\"wp-block-image size-full\"><img loading=\"lazy\" decoding=\"async\" width=\"768\" height=\"1086\" src=\"https:\/\/media2.utp.edu.co\/programas\/53\/image-4.png\" alt=\"\" class=\"wp-image-10361\" \/><\/figure>\n\n\n\n<div class=\"wp-block-columns is-layout-flex wp-container-core-columns-is-layout-9d6595d7 wp-block-columns-is-layout-flex\">\n<div class=\"wp-block-column is-layout-flow wp-block-column-is-layout-flow\">\n<figure class=\"wp-block-image size-full\"><img loading=\"lazy\" decoding=\"async\" width=\"768\" height=\"1086\" src=\"https:\/\/media2.utp.edu.co\/programas\/53\/image-5.png\" alt=\"\" class=\"wp-image-10362\" \/><\/figure>\n<\/div>\n\n\n\n<div class=\"wp-block-column is-layout-flow wp-block-column-is-layout-flow\">\n<figure class=\"wp-block-image size-full\"><img loading=\"lazy\" decoding=\"async\" width=\"768\" height=\"1086\" src=\"https:\/\/media2.utp.edu.co\/programas\/53\/image-6.png\" alt=\"\" class=\"wp-image-10363\" \/><\/figure>\n<\/div>\n<\/div>\n","protected":false},"excerpt":{"rendered":"<p>Valor del Pin: 0.25 SMMLV Valor Matr\u00edcula a\u00f1o: A\u00f1o 1: 18 SMMLV &#8211; A\u00f1o 2: 18 SMMLV &#8211; A\u00f1o 3: 10 SMMLV Descuentos del Programa: 10% por ser Egresado de [&#8230;]<\/p>\n","protected":false},"author":1,"featured_media":0,"parent":0,"menu_order":0,"comment_status":"closed","ping_status":"closed","template":"","meta":{"footnotes":""},"class_list":["post-10109","page","type-page","status-publish","hentry"],"_links":{"self":[{"href":"https:\/\/educacion.utp.edu.co\/doctorado-en-ciencias-de-la-educacion\/wp-json\/wp\/v2\/pages\/10109","targetHints":{"allow":["GET"]}}],"collection":[{"href":"https:\/\/educacion.utp.edu.co\/doctorado-en-ciencias-de-la-educacion\/wp-json\/wp\/v2\/pages"}],"about":[{"href":"https:\/\/educacion.utp.edu.co\/doctorado-en-ciencias-de-la-educacion\/wp-json\/wp\/v2\/types\/page"}],"author":[{"embeddable":true,"href":"https:\/\/educacion.utp.edu.co\/doctorado-en-ciencias-de-la-educacion\/wp-json\/wp\/v2\/users\/1"}],"replies":[{"embeddable":true,"href":"https:\/\/educacion.utp.edu.co\/doctorado-en-ciencias-de-la-educacion\/wp-json\/wp\/v2\/comments?post=10109"}],"version-history":[{"count":8,"href":"https:\/\/educacion.utp.edu.co\/doctorado-en-ciencias-de-la-educacion\/wp-json\/wp\/v2\/pages\/10109\/revisions"}],"predecessor-version":[{"id":10555,"href":"https:\/\/educacion.utp.edu.co\/doctorado-en-ciencias-de-la-educacion\/wp-json\/wp\/v2\/pages\/10109\/revisions\/10555"}],"wp:attachment":[{"href":"https:\/\/educacion.utp.edu.co\/doctorado-en-ciencias-de-la-educacion\/wp-json\/wp\/v2\/media?parent=10109"}],"curies":[{"name":"wp","href":"https:\/\/api.w.org\/{rel}","templated":true}]}}