{"id":10088,"date":"2022-08-10T09:43:55","date_gmt":"2022-08-10T14:43:55","guid":{"rendered":"https:\/\/basicas.utp.edu.co\/matematicas\/?page_id=10030"},"modified":"2026-04-07T09:10:42","modified_gmt":"2026-04-07T14:10:42","slug":"inversion-y-financiacion","status":"publish","type":"page","link":"https:\/\/educacion.utp.edu.co\/doctorado-en-didactica\/inversion-y-financiacion\/","title":{"rendered":"Inversi\u00f3n y Financiaci\u00f3n"},"content":{"rendered":"\n<p><span class=\"post-content__span\"> Valor del Pin: <strong>0.25 SMMLV <\/strong> Valor en pesos Colombianos <\/p>\n\n\n\n<p><span class=\"post-content__span\"> Valor Matr\u00edcula a\u00f1o: <strong>18.8 SMMLV<\/strong>     Valor total 4 a\u00f1os: <strong>75.2 SMMLV<\/strong><\/p>\n\n\n\n<p><span class=\"post-content__span\"> Descuentos del Programa: <strong>10%<\/strong> por ser Egresado de la Universidad Tecnol\u00f3gica de Pereira y <strong>10%<\/strong> Por tener el certificado de las \u00faltimas votaciones.<\/p>\n\n\n\n<figure class=\"wp-block-image size-full\"><img loading=\"lazy\" decoding=\"async\" width=\"1080\" height=\"1080\" src=\"https:\/\/media2.utp.edu.co\/programas\/54\/Descuentos.png\" alt=\"\" class=\"wp-image-10432\" \/><\/figure>\n\n\n\n<figure class=\"wp-block-image size-full\"><img loading=\"lazy\" decoding=\"async\" width=\"1080\" height=\"1080\" src=\"https:\/\/media2.utp.edu.co\/programas\/54\/Financiacion.png\" alt=\"\" class=\"wp-image-10433\" \/><\/figure>\n\n\n\n<figure class=\"wp-block-image size-full\"><img loading=\"lazy\" decoding=\"async\" width=\"1688\" height=\"1688\" src=\"https:\/\/media2.utp.edu.co\/programas\/54\/Credito-Fasut_page-0004.jpg\" alt=\"\" class=\"wp-image-10434\" \/><\/figure>\n\n\n\n<div class=\"wp-block-columns is-layout-flex wp-container-core-columns-is-layout-9d6595d7 wp-block-columns-is-layout-flex\">\n<div class=\"wp-block-column is-layout-flow wp-block-column-is-layout-flow\">\n<figure class=\"wp-block-image size-full\"><img loading=\"lazy\" decoding=\"async\" width=\"768\" height=\"1086\" src=\"https:\/\/media2.utp.edu.co\/programas\/54\/FAVI1.png\" alt=\"\" class=\"wp-image-10435\" \/><\/figure>\n<\/div>\n\n\n\n<div class=\"wp-block-column is-layout-flow wp-block-column-is-layout-flow\">\n<figure class=\"wp-block-image size-full\"><img loading=\"lazy\" decoding=\"async\" width=\"768\" height=\"1086\" src=\"https:\/\/media2.utp.edu.co\/programas\/54\/FAVI2.png\" alt=\"\" class=\"wp-image-10436\" \/><\/figure>\n<\/div>\n<\/div>\n","protected":false},"excerpt":{"rendered":"<p>Valor del Pin: 0.25 SMMLV Valor en pesos Colombianos Valor Matr\u00edcula a\u00f1o: 18.8 SMMLV Valor total 4 a\u00f1os: 75.2 SMMLV Descuentos del Programa: 10% por ser Egresado de la Universidad [&#8230;]<\/p>\n","protected":false},"author":1,"featured_media":0,"parent":0,"menu_order":0,"comment_status":"closed","ping_status":"closed","template":"","meta":{"footnotes":""},"class_list":["post-10088","page","type-page","status-publish","hentry"],"_links":{"self":[{"href":"https:\/\/educacion.utp.edu.co\/doctorado-en-didactica\/wp-json\/wp\/v2\/pages\/10088","targetHints":{"allow":["GET"]}}],"collection":[{"href":"https:\/\/educacion.utp.edu.co\/doctorado-en-didactica\/wp-json\/wp\/v2\/pages"}],"about":[{"href":"https:\/\/educacion.utp.edu.co\/doctorado-en-didactica\/wp-json\/wp\/v2\/types\/page"}],"author":[{"embeddable":true,"href":"https:\/\/educacion.utp.edu.co\/doctorado-en-didactica\/wp-json\/wp\/v2\/users\/1"}],"replies":[{"embeddable":true,"href":"https:\/\/educacion.utp.edu.co\/doctorado-en-didactica\/wp-json\/wp\/v2\/comments?post=10088"}],"version-history":[{"count":4,"href":"https:\/\/educacion.utp.edu.co\/doctorado-en-didactica\/wp-json\/wp\/v2\/pages\/10088\/revisions"}],"predecessor-version":[{"id":10523,"href":"https:\/\/educacion.utp.edu.co\/doctorado-en-didactica\/wp-json\/wp\/v2\/pages\/10088\/revisions\/10523"}],"wp:attachment":[{"href":"https:\/\/educacion.utp.edu.co\/doctorado-en-didactica\/wp-json\/wp\/v2\/media?parent=10088"}],"curies":[{"name":"wp","href":"https:\/\/api.w.org\/{rel}","templated":true}]}}