{"id":10085,"date":"2022-08-11T17:43:16","date_gmt":"2022-08-11T22:43:16","guid":{"rendered":"https:\/\/educacion.utp.edu.co\/educacion-virtual\/?page_id=10085"},"modified":"2026-04-07T09:07:20","modified_gmt":"2026-04-07T14:07:20","slug":"inversion-y-financiacion","status":"publish","type":"page","link":"https:\/\/educacion.utp.edu.co\/maestria-en-educacion-virtual\/inversion-y-financiacion\/","title":{"rendered":"Inversi\u00f3n y Financiaci\u00f3n"},"content":{"rendered":"\n<p><span class=\"post-content__span\"> Valor del Pin: <strong>0.25 SMMLV <\/strong> <\/p>\n\n\n\n<p><span class=\"post-content__span\"> Valor Matr\u00edcula por semestre: <strong>6.5 SMMLV <\/strong><\/p>\n\n\n\n<p><span class=\"post-content__span\"> Descuentos del Programa: <strong>20%<\/strong> de Descuento en la matr\u00edcula. <strong>10%<\/strong> por ser Egresado de la Universidad Tecnol\u00f3gica de Pereira y <strong>10%<\/strong> Por tener el certificado de las \u00faltimas votaciones.<\/p>\n\n\n\n<figure class=\"wp-block-image size-full\"><img loading=\"lazy\" decoding=\"async\" width=\"1080\" height=\"1080\" src=\"https:\/\/media2.utp.edu.co\/programas\/48\/Descuentos.png\" alt=\"\" class=\"wp-image-10406\" \/><\/figure>\n\n\n\n<figure class=\"wp-block-image size-full\"><img loading=\"lazy\" decoding=\"async\" width=\"1080\" height=\"1080\" src=\"https:\/\/media2.utp.edu.co\/programas\/48\/Financiacion.png\" alt=\"\" class=\"wp-image-10409\" \/><\/figure>\n\n\n\n<figure class=\"wp-block-image size-full\"><img loading=\"lazy\" decoding=\"async\" width=\"1688\" height=\"1688\" src=\"https:\/\/media2.utp.edu.co\/programas\/48\/Credito-Fasut_page-0004.jpg\" alt=\"\" class=\"wp-image-10405\" \/><\/figure>\n\n\n\n<figure class=\"wp-block-image size-full\"><img loading=\"lazy\" decoding=\"async\" width=\"768\" height=\"1086\" src=\"https:\/\/media2.utp.edu.co\/programas\/48\/COMFAMILIAR.png\" alt=\"\" class=\"wp-image-10404\" \/><\/figure>\n\n\n\n<figure class=\"wp-block-gallery has-nested-images columns-default is-cropped wp-block-gallery-1 is-layout-flex wp-block-gallery-is-layout-flex\">\n<figure class=\"wp-block-image size-large\"><img loading=\"lazy\" decoding=\"async\" width=\"768\" height=\"1086\" data-id=\"10407\" src=\"https:\/\/media2.utp.edu.co\/programas\/48\/FAVI1.png\" alt=\"\" class=\"wp-image-10407\" \/><\/figure>\n\n\n\n<figure class=\"wp-block-image size-large\"><img loading=\"lazy\" decoding=\"async\" width=\"768\" height=\"1086\" data-id=\"10408\" src=\"https:\/\/media2.utp.edu.co\/programas\/48\/FAVI2.png\" alt=\"\" class=\"wp-image-10408\" \/><\/figure>\n<\/figure>\n","protected":false},"excerpt":{"rendered":"<p>Valor del Pin: 0.25 SMMLV Valor Matr\u00edcula por semestre: 6.5 SMMLV Descuentos del Programa: 20% de Descuento en la matr\u00edcula. 10% por ser Egresado de la Universidad Tecnol\u00f3gica de Pereira [&#8230;]<\/p>\n","protected":false},"author":1,"featured_media":0,"parent":0,"menu_order":0,"comment_status":"closed","ping_status":"closed","template":"","meta":{"footnotes":""},"class_list":["post-10085","page","type-page","status-publish","hentry"],"_links":{"self":[{"href":"https:\/\/educacion.utp.edu.co\/maestria-en-educacion-virtual\/wp-json\/wp\/v2\/pages\/10085","targetHints":{"allow":["GET"]}}],"collection":[{"href":"https:\/\/educacion.utp.edu.co\/maestria-en-educacion-virtual\/wp-json\/wp\/v2\/pages"}],"about":[{"href":"https:\/\/educacion.utp.edu.co\/maestria-en-educacion-virtual\/wp-json\/wp\/v2\/types\/page"}],"author":[{"embeddable":true,"href":"https:\/\/educacion.utp.edu.co\/maestria-en-educacion-virtual\/wp-json\/wp\/v2\/users\/1"}],"replies":[{"embeddable":true,"href":"https:\/\/educacion.utp.edu.co\/maestria-en-educacion-virtual\/wp-json\/wp\/v2\/comments?post=10085"}],"version-history":[{"count":6,"href":"https:\/\/educacion.utp.edu.co\/maestria-en-educacion-virtual\/wp-json\/wp\/v2\/pages\/10085\/revisions"}],"predecessor-version":[{"id":10438,"href":"https:\/\/educacion.utp.edu.co\/maestria-en-educacion-virtual\/wp-json\/wp\/v2\/pages\/10085\/revisions\/10438"}],"wp:attachment":[{"href":"https:\/\/educacion.utp.edu.co\/maestria-en-educacion-virtual\/wp-json\/wp\/v2\/media?parent=10085"}],"curies":[{"name":"wp","href":"https:\/\/api.w.org\/{rel}","templated":true}]}}