{"id":10096,"date":"2022-08-12T10:43:04","date_gmt":"2022-08-12T15:43:04","guid":{"rendered":"https:\/\/educacion.utp.edu.co\/historia\/?page_id=10096"},"modified":"2026-04-07T09:07:40","modified_gmt":"2026-04-07T14:07:40","slug":"inversion-y-financiacion","status":"publish","type":"page","link":"https:\/\/educacion.utp.edu.co\/maestria-en-historia\/inversion-y-financiacion\/","title":{"rendered":"Inversi\u00f3n y Financiaci\u00f3n"},"content":{"rendered":"\n<p><span class=\"post-content__span\"> Valor del Pin: <strong>0.25 SMMLV <\/strong><\/p>\n\n\n\n<p><span class=\"post-content__span\"> Valor Matr\u00edcula semestre: <strong>6.0 SMMLV <\/strong><\/p>\n\n\n\n<p><span class=\"post-content__span\"> Descuento en la matr\u00edcula:&nbsp;<strong>10%<\/strong>&nbsp;por ser Egresado de la Universidad Tecnol\u00f3gica de Pereira y&nbsp;<strong>10%<\/strong>&nbsp;Por tener el certificado de las \u00faltimas votaciones.<\/p>\n\n\n\n<figure class=\"wp-block-image size-full\"><img loading=\"lazy\" decoding=\"async\" width=\"1080\" height=\"1080\" src=\"https:\/\/media2.utp.edu.co\/programas\/49\/2024\/06\/Descuentos.png\" alt=\"\" class=\"wp-image-10529\" \/><\/figure>\n\n\n\n<figure class=\"wp-block-image size-full\"><img loading=\"lazy\" decoding=\"async\" width=\"1080\" height=\"1080\" src=\"https:\/\/media2.utp.edu.co\/programas\/49\/2024\/06\/Financiacion.png\" alt=\"\" class=\"wp-image-10530\" \/><\/figure>\n\n\n\n<figure class=\"wp-block-image size-full\"><img loading=\"lazy\" decoding=\"async\" width=\"1688\" height=\"1688\" src=\"https:\/\/media2.utp.edu.co\/programas\/49\/2024\/06\/Credito-Fasut_page-0004.jpg\" alt=\"\" class=\"wp-image-10531\" \/><\/figure>\n\n\n\n<figure class=\"wp-block-image size-full\"><img loading=\"lazy\" decoding=\"async\" width=\"768\" height=\"1086\" src=\"https:\/\/media2.utp.edu.co\/programas\/49\/2024\/06\/COMFAMILIAR.png\" alt=\"\" class=\"wp-image-10534\" \/><\/figure>\n\n\n\n<figure class=\"wp-block-gallery has-nested-images columns-default is-cropped wp-block-gallery-1 is-layout-flex wp-block-gallery-is-layout-flex\">\n<figure class=\"wp-block-image size-large\"><img loading=\"lazy\" decoding=\"async\" width=\"768\" height=\"1086\" data-id=\"10533\" src=\"https:\/\/media2.utp.edu.co\/programas\/49\/2024\/06\/FAVI1.png\" alt=\"\" class=\"wp-image-10533\" \/><\/figure>\n\n\n\n<figure class=\"wp-block-image size-large\"><img loading=\"lazy\" decoding=\"async\" width=\"768\" height=\"1086\" data-id=\"10532\" src=\"https:\/\/media2.utp.edu.co\/programas\/49\/2024\/06\/FAVI2.png\" alt=\"\" class=\"wp-image-10532\" \/><\/figure>\n<\/figure>\n","protected":false},"excerpt":{"rendered":"<p>Valor del Pin: 0.25 SMMLV Valor Matr\u00edcula semestre: 6.0 SMMLV Descuento en la matr\u00edcula:&nbsp;10%&nbsp;por ser Egresado de la Universidad Tecnol\u00f3gica de Pereira y&nbsp;10%&nbsp;Por tener el certificado de las \u00faltimas votaciones.<\/p>\n","protected":false},"author":1,"featured_media":0,"parent":0,"menu_order":0,"comment_status":"closed","ping_status":"closed","template":"","meta":{"footnotes":""},"class_list":["post-10096","page","type-page","status-publish","hentry"],"_links":{"self":[{"href":"https:\/\/educacion.utp.edu.co\/maestria-en-historia\/wp-json\/wp\/v2\/pages\/10096","targetHints":{"allow":["GET"]}}],"collection":[{"href":"https:\/\/educacion.utp.edu.co\/maestria-en-historia\/wp-json\/wp\/v2\/pages"}],"about":[{"href":"https:\/\/educacion.utp.edu.co\/maestria-en-historia\/wp-json\/wp\/v2\/types\/page"}],"author":[{"embeddable":true,"href":"https:\/\/educacion.utp.edu.co\/maestria-en-historia\/wp-json\/wp\/v2\/users\/1"}],"replies":[{"embeddable":true,"href":"https:\/\/educacion.utp.edu.co\/maestria-en-historia\/wp-json\/wp\/v2\/comments?post=10096"}],"version-history":[{"count":8,"href":"https:\/\/educacion.utp.edu.co\/maestria-en-historia\/wp-json\/wp\/v2\/pages\/10096\/revisions"}],"predecessor-version":[{"id":10579,"href":"https:\/\/educacion.utp.edu.co\/maestria-en-historia\/wp-json\/wp\/v2\/pages\/10096\/revisions\/10579"}],"wp:attachment":[{"href":"https:\/\/educacion.utp.edu.co\/maestria-en-historia\/wp-json\/wp\/v2\/media?parent=10096"}],"curies":[{"name":"wp","href":"https:\/\/api.w.org\/{rel}","templated":true}]}}