{"id":10030,"date":"2022-08-10T09:43:55","date_gmt":"2022-08-10T14:43:55","guid":{"rendered":"https:\/\/basicas.utp.edu.co\/matematicas\/?page_id=10030"},"modified":"2026-02-24T17:41:18","modified_gmt":"2026-02-24T22:41:18","slug":"inversion-y-financiacion","status":"publish","type":"page","link":"https:\/\/educacion.utp.edu.co\/maestria-en-linguistica\/inversion-y-financiacion\/","title":{"rendered":"Inversi\u00f3n y Financiaci\u00f3n"},"content":{"rendered":"\n<p><span class=\"post-content__span\"> Valor del Pin: <strong>0.25 SMMLV <\/strong> Valor en pesos Colombianos 2026: <strong>437.700$<\/strong><\/p>\n\n\n\n<p><span class=\"post-content__span\"> Valor Matr\u00edcula a\u00f1o: <strong>6.5 SMMLV <\/strong><\/p>\n\n\n\n<p><span class=\"post-content__span\"> Descuentos del Programa: <strong>20%<\/strong> de Descuento en la matr\u00edcula. <strong>10%<\/strong> por ser Egresado de la Universidad Tecnol\u00f3gica de Pereira y <strong>10%<\/strong> Por tener el certificado de las \u00faltimas votaciones.<\/p>\n\n\n\n<figure class=\"wp-block-image size-full\"><img loading=\"lazy\" decoding=\"async\" width=\"1080\" height=\"1080\" src=\"https:\/\/media2.utp.edu.co\/programas\/51\/Descuentos.png\" alt=\"\" class=\"wp-image-10404\" \/><\/figure>\n\n\n\n<figure class=\"wp-block-image size-full\"><img loading=\"lazy\" decoding=\"async\" width=\"1080\" height=\"1080\" src=\"https:\/\/media2.utp.edu.co\/programas\/51\/Financiacion.png\" alt=\"\" class=\"wp-image-10407\" \/><\/figure>\n\n\n\n<figure class=\"wp-block-image size-full\"><img loading=\"lazy\" decoding=\"async\" width=\"1688\" height=\"1688\" src=\"https:\/\/media2.utp.edu.co\/programas\/51\/Credito-Fasut_page-0004.jpg\" alt=\"\" class=\"wp-image-10403\" \/><\/figure>\n\n\n\n<figure class=\"wp-block-image size-full\"><img loading=\"lazy\" decoding=\"async\" width=\"768\" height=\"1086\" src=\"https:\/\/media2.utp.edu.co\/programas\/51\/COMFAMILIAR.png\" alt=\"\" class=\"wp-image-10402\" \/><\/figure>\n\n\n\n<figure class=\"wp-block-gallery has-nested-images columns-default is-cropped wp-block-gallery-1 is-layout-flex wp-block-gallery-is-layout-flex\">\n<figure class=\"wp-block-image size-large\"><img loading=\"lazy\" decoding=\"async\" width=\"768\" height=\"1086\" data-id=\"10405\" src=\"https:\/\/media2.utp.edu.co\/programas\/51\/FAVI1.png\" alt=\"\" class=\"wp-image-10405\" \/><\/figure>\n\n\n\n<figure class=\"wp-block-image size-large\"><img loading=\"lazy\" decoding=\"async\" width=\"768\" height=\"1086\" data-id=\"10406\" src=\"https:\/\/media2.utp.edu.co\/programas\/51\/FAVI2.png\" alt=\"\" class=\"wp-image-10406\" \/><\/figure>\n<\/figure>\n\n\n\n<p><span class=\"post-content__span\"> <\/p>\n","protected":false},"excerpt":{"rendered":"<p>Valor del Pin: 0.25 SMMLV Valor en pesos Colombianos 2026: 437.700$ Valor Matr\u00edcula a\u00f1o: 6.5 SMMLV Descuentos del Programa: 20% de Descuento en la matr\u00edcula. 10% por ser Egresado de [&#8230;]<\/p>\n","protected":false},"author":1,"featured_media":0,"parent":0,"menu_order":0,"comment_status":"closed","ping_status":"closed","template":"","meta":{"footnotes":""},"class_list":["post-10030","page","type-page","status-publish","hentry"],"_links":{"self":[{"href":"https:\/\/educacion.utp.edu.co\/maestria-en-linguistica\/wp-json\/wp\/v2\/pages\/10030","targetHints":{"allow":["GET"]}}],"collection":[{"href":"https:\/\/educacion.utp.edu.co\/maestria-en-linguistica\/wp-json\/wp\/v2\/pages"}],"about":[{"href":"https:\/\/educacion.utp.edu.co\/maestria-en-linguistica\/wp-json\/wp\/v2\/types\/page"}],"author":[{"embeddable":true,"href":"https:\/\/educacion.utp.edu.co\/maestria-en-linguistica\/wp-json\/wp\/v2\/users\/1"}],"replies":[{"embeddable":true,"href":"https:\/\/educacion.utp.edu.co\/maestria-en-linguistica\/wp-json\/wp\/v2\/comments?post=10030"}],"version-history":[{"count":4,"href":"https:\/\/educacion.utp.edu.co\/maestria-en-linguistica\/wp-json\/wp\/v2\/pages\/10030\/revisions"}],"predecessor-version":[{"id":10432,"href":"https:\/\/educacion.utp.edu.co\/maestria-en-linguistica\/wp-json\/wp\/v2\/pages\/10030\/revisions\/10432"}],"wp:attachment":[{"href":"https:\/\/educacion.utp.edu.co\/maestria-en-linguistica\/wp-json\/wp\/v2\/media?parent=10030"}],"curies":[{"name":"wp","href":"https:\/\/api.w.org\/{rel}","templated":true}]}}