{"id":10030,"date":"2022-08-10T09:43:55","date_gmt":"2022-08-10T14:43:55","guid":{"rendered":"https:\/\/basicas.utp.edu.co\/matematicas\/?page_id=10030"},"modified":"2024-06-25T10:59:52","modified_gmt":"2024-06-25T15:59:52","slug":"inversion-y-financiacion","status":"publish","type":"page","link":"https:\/\/educacion.utp.edu.co\/maestria-en-migraciones-internacionales\/inversion-y-financiacion\/","title":{"rendered":"Inversi\u00f3n y Financiaci\u00f3n"},"content":{"rendered":"\n<figure class=\"wp-block-image size-full is-style-default\"><img loading=\"lazy\" decoding=\"async\" width=\"2000\" height=\"300\" src=\"https:\/\/media2.utp.edu.co\/programas\/52\/Presentacion-del-programa.png\" alt=\"\" class=\"wp-image-10611\" \/><\/figure>\n\n\n\n<p><span class=\"post-content__span\"> Valor del Pin: <strong>0.25 SMMLV  <\/strong>  Valor en pesos Colombianos 2024: <strong>325.000$<\/strong><\/p>\n\n\n\n<p><span class=\"post-content__span\"> Valor Matr\u00edcula a\u00f1o: <strong>5.5 SMMLV <\/strong><\/p>\n\n\n\n<p><span class=\"post-content__span\"> Descuentos del Programa: <strong>20%<\/strong> de Descuento en la matr\u00edcula.   <strong>10%<\/strong> por ser Egresado de la Universidad Tecnol\u00f3gica de Pereira y <strong>10%<\/strong> Por tener el certificado de las \u00faltimas votaciones.<\/p>\n\n\n\n<figure class=\"wp-block-image size-full\"><img loading=\"lazy\" decoding=\"async\" width=\"1080\" height=\"1080\" src=\"https:\/\/media2.utp.edu.co\/programas\/52\/Obten-20-descuento-4.jpg\" alt=\"\" class=\"wp-image-10405\" \/><\/figure>\n\n\n\n<figure class=\"wp-block-image size-full\"><img loading=\"lazy\" decoding=\"async\" width=\"1080\" height=\"1080\" src=\"https:\/\/media2.utp.edu.co\/programas\/52\/Financiacion-1.png\" alt=\"\" class=\"wp-image-10623\" \/><\/figure>\n\n\n\n<figure class=\"wp-block-image size-full\"><img loading=\"lazy\" decoding=\"async\" width=\"1688\" height=\"1688\" src=\"https:\/\/media2.utp.edu.co\/programas\/52\/Credito-Fasut_page-0004-1.jpg\" alt=\"\" class=\"wp-image-10616\" \/><\/figure>\n\n\n\n<div class=\"wp-block-columns is-layout-flex wp-container-core-columns-is-layout-9d6595d7 wp-block-columns-is-layout-flex\">\n<div class=\"wp-block-column is-layout-flow wp-block-column-is-layout-flow\">\n<figure class=\"wp-block-image size-full\"><img loading=\"lazy\" decoding=\"async\" width=\"768\" height=\"1086\" src=\"https:\/\/media2.utp.edu.co\/programas\/52\/image-2.png\" alt=\"\" class=\"wp-image-10363\" \/><\/figure>\n<\/div>\n<\/div>\n\n\n\n<div class=\"wp-block-columns is-layout-flex wp-container-core-columns-is-layout-9d6595d7 wp-block-columns-is-layout-flex\">\n<div class=\"wp-block-column is-layout-flow wp-block-column-is-layout-flow\">\n<figure class=\"wp-block-image size-full\"><img loading=\"lazy\" decoding=\"async\" width=\"768\" height=\"1086\" src=\"https:\/\/media2.utp.edu.co\/programas\/52\/image-3.png\" alt=\"\" class=\"wp-image-10364\" \/><\/figure>\n<\/div>\n\n\n\n<div class=\"wp-block-column is-layout-flow wp-block-column-is-layout-flow\">\n<figure class=\"wp-block-image size-full\"><img loading=\"lazy\" decoding=\"async\" width=\"768\" height=\"1086\" src=\"https:\/\/media2.utp.edu.co\/programas\/52\/image-4.png\" alt=\"\" class=\"wp-image-10365\" \/><\/figure>\n<\/div>\n<\/div>\n","protected":false},"excerpt":{"rendered":"<p>Valor del Pin: 0.25 SMMLV Valor en pesos Colombianos 2024: 325.000$ Valor Matr\u00edcula a\u00f1o: 5.5 SMMLV Descuentos del Programa: 20% de Descuento en la matr\u00edcula. 10% por ser Egresado de [&#8230;]<\/p>\n","protected":false},"author":1,"featured_media":0,"parent":0,"menu_order":0,"comment_status":"closed","ping_status":"closed","template":"","meta":{"footnotes":""},"class_list":["post-10030","page","type-page","status-publish","hentry"],"_links":{"self":[{"href":"https:\/\/educacion.utp.edu.co\/maestria-en-migraciones-internacionales\/wp-json\/wp\/v2\/pages\/10030","targetHints":{"allow":["GET"]}}],"collection":[{"href":"https:\/\/educacion.utp.edu.co\/maestria-en-migraciones-internacionales\/wp-json\/wp\/v2\/pages"}],"about":[{"href":"https:\/\/educacion.utp.edu.co\/maestria-en-migraciones-internacionales\/wp-json\/wp\/v2\/types\/page"}],"author":[{"embeddable":true,"href":"https:\/\/educacion.utp.edu.co\/maestria-en-migraciones-internacionales\/wp-json\/wp\/v2\/users\/1"}],"replies":[{"embeddable":true,"href":"https:\/\/educacion.utp.edu.co\/maestria-en-migraciones-internacionales\/wp-json\/wp\/v2\/comments?post=10030"}],"version-history":[{"count":18,"href":"https:\/\/educacion.utp.edu.co\/maestria-en-migraciones-internacionales\/wp-json\/wp\/v2\/pages\/10030\/revisions"}],"predecessor-version":[{"id":10629,"href":"https:\/\/educacion.utp.edu.co\/maestria-en-migraciones-internacionales\/wp-json\/wp\/v2\/pages\/10030\/revisions\/10629"}],"wp:attachment":[{"href":"https:\/\/educacion.utp.edu.co\/maestria-en-migraciones-internacionales\/wp-json\/wp\/v2\/media?parent=10030"}],"curies":[{"name":"wp","href":"https:\/\/api.w.org\/{rel}","templated":true}]}}